{"id":11214,"date":"2024-12-15T15:30:24","date_gmt":"2024-12-15T13:30:24","guid":{"rendered":"https:\/\/www.transrevis.lt\/?page_id=11214"},"modified":"2025-02-28T13:59:51","modified_gmt":"2025-02-28T11:59:51","slug":"news-2","status":"publish","type":"page","link":"https:\/\/www.transrevis.lt\/en\/news-2\/","title":{"rendered":"News"},"content":{"rendered":"\t\t<div data-elementor-type=\"wp-page\" data-elementor-id=\"11214\" class=\"elementor elementor-11214 elementor-11213\" data-elementor-post-type=\"page\">\n\t\t\t\t\t\t<section class=\"elementor-section elementor-top-section elementor-element elementor-element-42d13a60 elementor-section-height-min-height elementor-section-boxed elementor-section-height-default elementor-section-items-middle\" data-id=\"42d13a60\" data-element_type=\"section\" data-e-type=\"section\" data-settings=\"{&quot;background_background&quot;:&quot;classic&quot;,&quot;background_motion_fx_motion_fx_scrolling&quot;:&quot;yes&quot;,&quot;background_motion_fx_translateY_effect&quot;:&quot;yes&quot;,&quot;background_motion_fx_translateY_affectedRange&quot;:{&quot;unit&quot;:&quot;%&quot;,&quot;size&quot;:&quot;&quot;,&quot;sizes&quot;:{&quot;start&quot;:0,&quot;end&quot;:50}},&quot;background_motion_fx_translateY_speed&quot;:{&quot;unit&quot;:&quot;px&quot;,&quot;size&quot;:4,&quot;sizes&quot;:[]},&quot;background_motion_fx_devices&quot;:[&quot;desktop&quot;,&quot;laptop&quot;,&quot;tablet&quot;,&quot;mobile&quot;]}\">\n\t\t\t\t\t\t<div class=\"elementor-container elementor-column-gap-no\">\n\t\t\t\t\t<div class=\"elementor-column elementor-col-100 elementor-top-column elementor-element elementor-element-de51386\" data-id=\"de51386\" data-element_type=\"column\" data-e-type=\"column\">\n\t\t\t<div class=\"elementor-widget-wrap elementor-element-populated\">\n\t\t\t\t\t\t<div class=\"elementor-element elementor-element-445127f2 elementor-widget__width-auto elementor-widget elementor-widget-template\" data-id=\"445127f2\" data-element_type=\"widget\" data-e-type=\"widget\" data-settings=\"{&quot;motion_fx_motion_fx_scrolling&quot;:&quot;yes&quot;,&quot;motion_fx_translateY_effect&quot;:&quot;yes&quot;,&quot;motion_fx_translateY_speed&quot;:{&quot;unit&quot;:&quot;px&quot;,&quot;size&quot;:3,&quot;sizes&quot;:[]},&quot;motion_fx_translateY_affectedRange&quot;:{&quot;unit&quot;:&quot;%&quot;,&quot;size&quot;:&quot;&quot;,&quot;sizes&quot;:{&quot;start&quot;:0,&quot;end&quot;:100}},&quot;motion_fx_devices&quot;:[&quot;desktop&quot;,&quot;laptop&quot;,&quot;tablet&quot;,&quot;mobile&quot;]}\" data-widget_type=\"template.default\">\n\t\t\t\t<div class=\"elementor-widget-container\">\n\t\t\t\t\t\t\t<div class=\"elementor-template\">\n\t\t\t\t\t<div data-elementor-type=\"section\" data--id=\"0\" data-obj-id=\"0\" data-elementor-id=\"10943\" class=\"elementor elementor-10943 e--0 elementor-7402\" data-elementor-post-type=\"elementor_library\">\n\t\t\t\t\t<div class=\"elementor-section-wrap\">\n\t\t\t\t\t\t\t\t<section class=\"elementor-section elementor-top-section elementor-element elementor-element-3256073f elementor-section-boxed elementor-section-height-default elementor-section-height-default\" data-id=\"3256073f\" data-element_type=\"section\" data-e-type=\"section\" data-settings=\"{&quot;background_background&quot;:&quot;classic&quot;}\">\n\t\t\t\t\t\t<div class=\"elementor-container elementor-column-gap-default\">\n\t\t\t\t\t<div class=\"elementor-column elementor-col-100 elementor-top-column elementor-element elementor-element-3c6c7f7b\" data-id=\"3c6c7f7b\" data-element_type=\"column\" data-e-type=\"column\">\n\t\t\t<div class=\"elementor-widget-wrap elementor-element-populated\">\n\t\t\t\t\t\t<div class=\"elementor-element elementor-element-6e542f3c elementor-widget elementor-widget-heading\" data-id=\"6e542f3c\" data-element_type=\"widget\" data-e-type=\"widget\" data-widget_type=\"heading.default\">\n\t\t\t\t<div class=\"elementor-widget-container\">\n\t\t\t\t\t<h2 class=\"elementor-heading-title elementor-size-default\">News<\/h2>\t\t\t\t<\/div>\n\t\t\t\t<\/div>\n\t\t\t\t<div class=\"elementor-element elementor-element-32330e44 elementor-widget-divider--view-line elementor-widget elementor-widget-divider\" data-id=\"32330e44\" data-element_type=\"widget\" data-e-type=\"widget\" data-widget_type=\"divider.default\">\n\t\t\t\t<div class=\"elementor-widget-container\">\n\t\t\t\t\t\t\t<div class=\"elementor-divider\">\n\t\t\t<span class=\"elementor-divider-separator\">\n\t\t\t\t\t\t<\/span>\n\t\t<\/div>\n\t\t\t\t\t\t<\/div>\n\t\t\t\t<\/div>\n\t\t\t\t<div class=\"elementor-element elementor-element-33c4e707 elementor-widget elementor-widget-text-editor\" data-id=\"33c4e707\" data-element_type=\"widget\" data-e-type=\"widget\" data-widget_type=\"text-editor.default\">\n\t\t\t\t<div class=\"elementor-widget-container\">\n\t\t\t\t\t\t\t\t\t<p><img decoding=\"async\" class=\"alignnone size-medium wp-image-10016\" src=\"https:\/\/www.transrevis.lt\/wp-content\/uploads\/2024\/05\/Transervis-web-mazie_logo-02-300x67.png\" alt=\"\" width=\"300\" height=\"67\" srcset=\"https:\/\/www.transrevis.lt\/wp-content\/uploads\/2024\/05\/Transervis-web-mazie_logo-02-300x67.png 300w, https:\/\/www.transrevis.lt\/wp-content\/uploads\/2024\/05\/Transervis-web-mazie_logo-02.png 516w\" sizes=\"(max-width: 300px) 100vw, 300px\" \/><\/p>\n\t\t\t\t\t\t\t\t<\/div>\n\t\t\t\t<\/div>\n\t\t\t\t\t<\/div>\n\t\t<\/div>\n\t\t\t\t\t<\/div>\n\t\t<\/section>\n\t\t\t\t\t\t\t<\/div>\n\t\t\t\t<\/div>\n\t\t\t\t<\/div>\n\t\t\t\t\t\t<\/div>\n\t\t\t\t<\/div>\n\t\t\t\t\t<\/div>\n\t\t<\/div>\n\t\t\t\t\t<\/div>\n\t\t<\/section>\n\t\t\t\t<section class=\"elementor-section elementor-top-section elementor-element elementor-element-ecc8267 elementor-section-boxed elementor-section-height-default elementor-section-height-default\" data-id=\"ecc8267\" data-element_type=\"section\" data-e-type=\"section\">\n\t\t\t\t\t\t<div class=\"elementor-container elementor-column-gap-default\">\n\t\t\t\t\t<div class=\"elementor-column elementor-col-100 elementor-top-column elementor-element elementor-element-355a0e9\" data-id=\"355a0e9\" data-element_type=\"column\" data-e-type=\"column\">\n\t\t\t<div class=\"elementor-widget-wrap elementor-element-populated\">\n\t\t\t\t\t\t<div data-ep-wrapper-link=\"{&quot;url&quot;:&quot;https:\\\/\\\/www.transrevis.lt\\\/en\\\/autobusu-parko-atnaujinimo-projektas-siauliu-ir-panevezio-rajonu-savivaldybese\\\/&quot;,&quot;is_external&quot;:&quot;&quot;,&quot;nofollow&quot;:&quot;&quot;,&quot;custom_attributes&quot;:&quot;&quot;}\" style=\"cursor: pointer\" class=\"bdt-element-link elementor-element elementor-element-bb29904 elementor-widget elementor-widget-bdt-featured-box\" data-id=\"bb29904\" data-element_type=\"widget\" data-e-type=\"widget\" data-widget_type=\"bdt-featured-box.default\">\n\t\t\t\t<div class=\"elementor-widget-container\">\n\t\t\t\t\t\t\t<div class=\"bdt-ep-featured-box bdt-ep-featured-box-default\">\n\t\t\t\t\t<div class=\"bdt-ep-featured-box-image\">\n\t\t\t<div class=\"bdt-position-relative\">\n\t\t\t\t<img fetchpriority=\"high\" decoding=\"async\" width=\"768\" height=\"434\" src=\"https:\/\/www.transrevis.lt\/wp-content\/uploads\/2025\/02\/Picture1-edt2-768x434.png\" class=\"attachment-medium_large size-medium_large\" alt=\"Autobus\u0173 parko atnaujinimo projektas \u0160iauli\u0173 ir Panev\u0117\u017eio rajon\u0173 savivaldyb\u0117se\" srcset=\"https:\/\/www.transrevis.lt\/wp-content\/uploads\/2025\/02\/Picture1-edt2-768x434.png 768w, https:\/\/www.transrevis.lt\/wp-content\/uploads\/2025\/02\/Picture1-edt2-300x170.png 300w, https:\/\/www.transrevis.lt\/wp-content\/uploads\/2025\/02\/Picture1-edt2-1024x579.png 1024w, https:\/\/www.transrevis.lt\/wp-content\/uploads\/2025\/02\/Picture1-edt2-1536x869.png 1536w, https:\/\/www.transrevis.lt\/wp-content\/uploads\/2025\/02\/Picture1-edt2-2048x1158.png 2048w\" sizes=\"(max-width: 768px) 100vw, 768px\" \/>\t\t\t<\/div>\n\t\t<\/div>\n\t\t\t\t\t<div class=\"bdt-ep-featured-box-content bdt-position-center-left\">\n\t\t\t\t\t\t\n\t\t\t\t\t<h4 class=\"bdt-ep-featured-box-title\">\n\t\t\t\t<span >\n\t\t\t\t\tAutobus\u0173 parko atnaujinimo projektas \u0160iauli\u0173 ir Panev\u0117\u017eio rajon\u0173 savivaldyb\u0117se\t\t\t\t<\/span>\n\t\t\t<\/h4>\n\t\t\n\t\t\t\t\t<div class=\"bdt-ep-featured-box-text\">\n\t\t\t\t\n\nUAB ,,Transrevis\u201c \u012fgyvendina projekt\u0105 pagal 2022\u20132030 met\u0173 pl\u0117tros programos valdytojos Lietuvos Respublikos susisiekimo ministerijos susisiekimo pl\u0117tros programos pa\u017eangos priemon\u0117s Nr. 10-001-06-01-01 \u201eSkatinti alternatyvi\u0173j\u0173 degal\u0173 naudojim\u0105 transporto sektoriuje\u201c veiklos \u201eMiesto ir priemiestinio vie\u0161ojo transporto priemoni\u0173 parko atnaujinimas, skatinant naudoti visai netar\u0161ias transporto priemones\u201c projekt\u0173 finansavimo s\u0105lyg\u0173 apra\u0161u Nr. 2.\n\t\t\t<\/div>\n\t\t\n\t\t\t\t\t<div class=\"bdt-ep-featured-box-button\">\n\t\t\t\t<a class=\"bdt-ep-featured-box-readmore\" href=\"https:\/\/www.transrevis.lt\/en\/autobusu-parko-atnaujinimo-projektas-siauliu-ir-panevezio-rajonu-savivaldybese\/\">\n\t\t\t\t\t\n\t\t\t\t\tRead More\n\t\t\t\t\t\t\t\t\t<\/a>\n\t\t\t<\/div>\n\t\t\t\t\t\t\t<\/div>\n\t\t<\/div>\n\t\t\t\t\t\t<\/div>\n\t\t\t\t<\/div>\n\t\t\t\t<div data-ep-wrapper-link=\"{&quot;url&quot;:&quot;http:\\\/\\\/www.transrevis.lt\\\/uab-transrevis-vykdo-keleiviu-apklausa-kaip-gerinti-paslaugu-kokybe\\\/&quot;,&quot;is_external&quot;:&quot;&quot;,&quot;nofollow&quot;:&quot;&quot;,&quot;custom_attributes&quot;:&quot;&quot;}\" style=\"cursor: pointer\" class=\"bdt-element-link elementor-element elementor-element-6098fc0 elementor-widget elementor-widget-bdt-featured-box\" data-id=\"6098fc0\" data-element_type=\"widget\" data-e-type=\"widget\" data-widget_type=\"bdt-featured-box.default\">\n\t\t\t\t<div class=\"elementor-widget-container\">\n\t\t\t\t\t\t\t<div class=\"bdt-ep-featured-box bdt-ep-featured-box-default\">\n\t\t\t\t\t<div class=\"bdt-ep-featured-box-image\">\n\t\t\t<div class=\"bdt-position-relative\">\n\t\t\t\t<img decoding=\"async\" width=\"768\" height=\"537\" src=\"https:\/\/www.transrevis.lt\/wp-content\/uploads\/2024\/05\/Bus-027765-768x537.jpg\" class=\"attachment-medium_large size-medium_large\" alt=\"UAB &quot;Transrevis&quot; conducts a passenger survey on how to improve the quality of services\" srcset=\"https:\/\/www.transrevis.lt\/wp-content\/uploads\/2024\/05\/Bus-027765-768x537.jpg 768w, https:\/\/www.transrevis.lt\/wp-content\/uploads\/2024\/05\/Bus-027765-300x210.jpg 300w, https:\/\/www.transrevis.lt\/wp-content\/uploads\/2024\/05\/Bus-027765-1024x715.jpg 1024w, https:\/\/www.transrevis.lt\/wp-content\/uploads\/2024\/05\/Bus-027765.jpg 1500w\" sizes=\"(max-width: 768px) 100vw, 768px\" \/>\t\t\t<\/div>\n\t\t<\/div>\n\t\t\t\t\t<div class=\"bdt-ep-featured-box-content bdt-position-center-left\">\n\t\t\t\t\t\t\n\t\t\t\t\t<h4 class=\"bdt-ep-featured-box-title\">\n\t\t\t\t<span >\n\t\t\t\t\tUAB \"Transrevis\" conducts a passenger survey on how to improve the quality of services\t\t\t\t<\/span>\n\t\t\t<\/h4>\n\t\t\n\t\t\t\t\t<div class=\"bdt-ep-featured-box-text\">\n\t\t\t\tThe Lithuanian transport company Transrevis UAB has started an annual passenger survey, which aims to find out the opinion of passengers about the services provided and find ways to improve their quality. From June 3 until June 17 in the ongoing survey, passengers can express their opinion about travel time, frequency of flights, route changes and other important aspects.\t\t\t<\/div>\n\t\t\n\t\t\t\t\t<div class=\"bdt-ep-featured-box-button\">\n\t\t\t\t<a class=\"bdt-ep-featured-box-readmore\" href=\"#\">\n\t\t\t\t\t\n\t\t\t\t\tRead More\n\t\t\t\t\t\t\t\t\t<\/a>\n\t\t\t<\/div>\n\t\t\t\t\t\t\t<\/div>\n\t\t<\/div>\n\t\t\t\t\t\t<\/div>\n\t\t\t\t<\/div>\n\t\t\t\t<div data-ep-wrapper-link=\"{&quot;url&quot;:&quot;http:\\\/\\\/www.transrevis.lt\\\/dalis-bendrovei-priklausaunciu-tr-priemoniu-yra-pritaikytos-neigaliesiems-irar-riboto-judumo-asmenims\\\/&quot;,&quot;is_external&quot;:&quot;&quot;,&quot;nofollow&quot;:&quot;&quot;,&quot;custom_attributes&quot;:&quot;&quot;}\" style=\"cursor: pointer\" class=\"bdt-element-link elementor-element elementor-element-0fae9d3 elementor-widget elementor-widget-bdt-featured-box\" data-id=\"0fae9d3\" data-element_type=\"widget\" data-e-type=\"widget\" data-widget_type=\"bdt-featured-box.default\">\n\t\t\t\t<div class=\"elementor-widget-container\">\n\t\t\t\t\t\t\t<div class=\"bdt-ep-featured-box bdt-ep-featured-box-default\">\n\t\t\t\t\t<div class=\"bdt-ep-featured-box-image\">\n\t\t\t<div class=\"bdt-position-relative\">\n\t\t\t\t<img loading=\"lazy\" decoding=\"async\" width=\"2000\" height=\"1331\" src=\"https:\/\/www.transrevis.lt\/wp-content\/uploads\/2023\/12\/Bus-026916-rain.jpg\" class=\"attachment-full size-full\" alt=\"Some of the company&#039;s tr. facilities are adapted for disabled and\/or persons with limited mobility\" srcset=\"https:\/\/www.transrevis.lt\/wp-content\/uploads\/2023\/12\/Bus-026916-rain.jpg 2000w, https:\/\/www.transrevis.lt\/wp-content\/uploads\/2023\/12\/Bus-026916-rain-300x200.jpg 300w, https:\/\/www.transrevis.lt\/wp-content\/uploads\/2023\/12\/Bus-026916-rain-1024x681.jpg 1024w, https:\/\/www.transrevis.lt\/wp-content\/uploads\/2023\/12\/Bus-026916-rain-768x511.jpg 768w, https:\/\/www.transrevis.lt\/wp-content\/uploads\/2023\/12\/Bus-026916-rain-1536x1022.jpg 1536w\" sizes=\"(max-width: 2000px) 100vw, 2000px\" \/>\t\t\t<\/div>\n\t\t<\/div>\n\t\t\t\t\t<div class=\"bdt-ep-featured-box-content bdt-position-center-left\">\n\t\t\t\t\t\t\n\t\t\t\t\t<h4 class=\"bdt-ep-featured-box-title\">\n\t\t\t\t<span >\n\t\t\t\t\tSome of the company's tr. facilities are adapted for disabled and\/or persons with limited mobility\t\t\t\t<\/span>\n\t\t\t<\/h4>\n\t\t\n\t\t\t\t\t<div class=\"bdt-ep-featured-box-text\">\n\t\t\t\tLast year, the Government of Lithuania adopted a law according to which carriers providing public transport services, when purchasing new buses, must provide a special seat for disabled and\/or persons with limited mobility, so that these passengers can comfortably and safely use public transport.\t\t\t<\/div>\n\t\t\n\t\t\t\t\t<div class=\"bdt-ep-featured-box-button\">\n\t\t\t\t<a class=\"bdt-ep-featured-box-readmore\" href=\"http:\/\/www.transrevis.lt\/dalis-bendrovei-priklausaunciu-tr-priemoniu-yra-pritaikytos-neigaliesiems-irar-riboto-judumo-asmenims\/\">\n\t\t\t\t\t\n\t\t\t\t\tRead More\n\t\t\t\t\t\t\t\t\t\t\t<span class=\"bdt-button-icon-align-right\">\n\t\t\t\t\t\t\t<i aria-hidden=\"true\" class=\"fa-fw far fa-file-alt\"><\/i>\t\t\t\t\t\t<\/span>\n\t\t\t\t\t\t\t\t\t<\/a>\n\t\t\t<\/div>\n\t\t\t\t\t\t\t<\/div>\n\t\t<\/div>\n\t\t\t\t\t\t<\/div>\n\t\t\t\t<\/div>\n\t\t\t\t<div data-ep-wrapper-link=\"{&quot;url&quot;:&quot;http:\\\/\\\/www.transrevis.lt\\\/uab-transrevis-autobusu-vairuotoju-darbo-uzmokescio-pakeitimai-2022-m\\\/&quot;,&quot;is_external&quot;:&quot;&quot;,&quot;nofollow&quot;:&quot;&quot;,&quot;custom_attributes&quot;:&quot;&quot;}\" style=\"cursor: pointer\" class=\"bdt-element-link elementor-element elementor-element-35a15ae elementor-widget elementor-widget-bdt-featured-box\" data-id=\"35a15ae\" data-element_type=\"widget\" data-e-type=\"widget\" data-widget_type=\"bdt-featured-box.default\">\n\t\t\t\t<div class=\"elementor-widget-container\">\n\t\t\t\t\t\t\t<div class=\"bdt-ep-featured-box bdt-ep-featured-box-default\">\n\t\t\t\t\t<div class=\"bdt-ep-featured-box-image\">\n\t\t\t<div class=\"bdt-position-relative\">\n\t\t\t\t<img loading=\"lazy\" decoding=\"async\" width=\"1497\" height=\"879\" src=\"https:\/\/www.transrevis.lt\/wp-content\/uploads\/2021\/12\/black-and-white-1-1-1.jpg\" class=\"attachment-full size-full\" alt=\"UAB &quot;Transrevis&quot; bus driver salary changes in 2022.\" srcset=\"https:\/\/www.transrevis.lt\/wp-content\/uploads\/2021\/12\/black-and-white-1-1-1.jpg 1497w, https:\/\/www.transrevis.lt\/wp-content\/uploads\/2021\/12\/black-and-white-1-1-1-300x176.jpg 300w, https:\/\/www.transrevis.lt\/wp-content\/uploads\/2021\/12\/black-and-white-1-1-1-1024x601.jpg 1024w, https:\/\/www.transrevis.lt\/wp-content\/uploads\/2021\/12\/black-and-white-1-1-1-768x451.jpg 768w\" sizes=\"(max-width: 1497px) 100vw, 1497px\" \/>\t\t\t<\/div>\n\t\t<\/div>\n\t\t\t\t\t<div class=\"bdt-ep-featured-box-content bdt-position-center-left\">\n\t\t\t\t\t\t\n\t\t\t\t\t<h4 class=\"bdt-ep-featured-box-title\">\n\t\t\t\t<span >\n\t\t\t\t\tUAB \"Transrevis\" bus driver salary changes in 2022.\t\t\t\t<\/span>\n\t\t\t<\/h4>\n\t\t\n\t\t\t\t\t<div class=\"bdt-ep-featured-box-text\">\n\t\t\t\tAtsi\u017evelgiant \u012f teikiam\u0173 paslaug\u0173 kokyb\u0119, UAB \u201eTransrevis\u201c, autobus\u0173 vairuotojams padidino darbo u\u017emokest\u012f vidutini\u0161kai 15 % bei finansavo D kategorijos autobus\u0173 vairuotoj\u0173 mokymosi i\u0161laidas ir 95 kodo mokymus. \t\t\t<\/div>\n\t\t\n\t\t\t\t\t<div class=\"bdt-ep-featured-box-button\">\n\t\t\t\t<a class=\"bdt-ep-featured-box-readmore\" href=\"http:\/\/www.transrevis.lt\/uab-transrevis-autobusu-vairuotoju-darbo-uzmokescio-pakeitimai-2022-m\/\">\n\t\t\t\t\t\n\t\t\t\t\tRead More\n\t\t\t\t\t\t\t\t\t\t\t<span class=\"bdt-button-icon-align-right\">\n\t\t\t\t\t\t\t<i aria-hidden=\"true\" class=\"fa-fw far fa-file-alt\"><\/i>\t\t\t\t\t\t<\/span>\n\t\t\t\t\t\t\t\t\t<\/a>\n\t\t\t<\/div>\n\t\t\t\t\t\t\t<\/div>\n\t\t<\/div>\n\t\t\t\t\t\t<\/div>\n\t\t\t\t<\/div>\n\t\t\t\t<div data-ep-wrapper-link=\"{&quot;url&quot;:&quot;http:\\\/\\\/www.transrevis.lt\\\/transrevis-atliks-lietuvos-regioninio-ir-tarpmiestinio-susisiekimo-keleiviu-apklausa\\\/&quot;,&quot;is_external&quot;:&quot;&quot;,&quot;nofollow&quot;:&quot;&quot;,&quot;custom_attributes&quot;:&quot;&quot;}\" style=\"cursor: pointer\" class=\"bdt-element-link elementor-element elementor-element-b387dbc elementor-widget elementor-widget-bdt-featured-box\" data-id=\"b387dbc\" data-element_type=\"widget\" data-e-type=\"widget\" data-widget_type=\"bdt-featured-box.default\">\n\t\t\t\t<div class=\"elementor-widget-container\">\n\t\t\t\t\t\t\t<div class=\"bdt-ep-featured-box bdt-ep-featured-box-default\">\n\t\t\t\t\t<div class=\"bdt-ep-featured-box-image\">\n\t\t\t<div class=\"bdt-position-relative\">\n\t\t\t\t<img loading=\"lazy\" decoding=\"async\" width=\"2000\" height=\"1331\" src=\"https:\/\/www.transrevis.lt\/wp-content\/uploads\/2023\/12\/Bus-018679.jpg\" class=\"attachment-full size-full\" alt=\"&quot;Transrevis&quot; will conduct a survey of Lithuanian regional and intercity transport passengers\" srcset=\"https:\/\/www.transrevis.lt\/wp-content\/uploads\/2023\/12\/Bus-018679.jpg 2000w, https:\/\/www.transrevis.lt\/wp-content\/uploads\/2023\/12\/Bus-018679-300x200.jpg 300w, https:\/\/www.transrevis.lt\/wp-content\/uploads\/2023\/12\/Bus-018679-1024x681.jpg 1024w, https:\/\/www.transrevis.lt\/wp-content\/uploads\/2023\/12\/Bus-018679-768x511.jpg 768w, https:\/\/www.transrevis.lt\/wp-content\/uploads\/2023\/12\/Bus-018679-1536x1022.jpg 1536w\" sizes=\"(max-width: 2000px) 100vw, 2000px\" \/>\t\t\t<\/div>\n\t\t<\/div>\n\t\t\t\t\t<div class=\"bdt-ep-featured-box-content bdt-position-center-left\">\n\t\t\t\t\t\t\n\t\t\t\t\t<h4 class=\"bdt-ep-featured-box-title\">\n\t\t\t\t<span >\n\t\t\t\t\t\"Transrevis\" will conduct a survey of Lithuanian regional and intercity transport passengers\t\t\t\t<\/span>\n\t\t\t<\/h4>\n\t\t\n\t\t\t\t\t<div class=\"bdt-ep-featured-box-text\">\n\t\t\t\tIn order to find out the opinion of passengers about the quality of the service provided, as well as whether the travel habits of passengers have changed, UAB \"Transrevis\" and UAB \"Uma Trans\" will conduct a passenger survey on several Lithuanian district and intercity routes, which will take place from May 16 to June 6.\t\t\t<\/div>\n\t\t\n\t\t\t\t\t<div class=\"bdt-ep-featured-box-button\">\n\t\t\t\t<a class=\"bdt-ep-featured-box-readmore\" href=\"http:\/\/www.transrevis.lt\/transrevis-atliks-lietuvos-regioninio-ir-tarpmiestinio-susisiekimo-keleiviu-apklausa\/\">\n\t\t\t\t\t\n\t\t\t\t\tRead More\n\t\t\t\t\t\t\t\t\t\t\t<span class=\"bdt-button-icon-align-right\">\n\t\t\t\t\t\t\t<i aria-hidden=\"true\" class=\"fa-fw far fa-file-alt\"><\/i>\t\t\t\t\t\t<\/span>\n\t\t\t\t\t\t\t\t\t<\/a>\n\t\t\t<\/div>\n\t\t\t\t\t\t\t<\/div>\n\t\t<\/div>\n\t\t\t\t\t\t<\/div>\n\t\t\t\t<\/div>\n\t\t\t\t\t<\/div>\n\t\t<\/div>\n\t\t\t\t\t<\/div>\n\t\t<\/section>\n\t\t\t\t<section class=\"elementor-section elementor-top-section elementor-element elementor-element-c3eab79 elementor-section-boxed elementor-section-height-default elementor-section-height-default\" data-id=\"c3eab79\" data-element_type=\"section\" data-e-type=\"section\">\n\t\t\t\t\t\t<div class=\"elementor-container elementor-column-gap-default\">\n\t\t\t\t\t<div class=\"elementor-column elementor-col-100 elementor-top-column elementor-element elementor-element-92bcd72\" data-id=\"92bcd72\" data-element_type=\"column\" data-e-type=\"column\">\n\t\t\t<div class=\"elementor-widget-wrap\">\n\t\t\t\t\t\t\t<\/div>\n\t\t<\/div>\n\t\t\t\t\t<\/div>\n\t\t<\/section>\n\t\t\t\t<\/div>\n\t\t","protected":false},"excerpt":{"rendered":"<p>Autobus\u0173 parko atnaujinimo projektas \u0160iauli\u0173 ir Panev\u0117\u017eio rajon\u0173 savivaldyb\u0117se UAB ,,Transrevis\u201c \u012fgyvendina projekt\u0105 pagal 2022\u20132030 met\u0173 pl\u0117tros programos valdytojos Lietuvos Respublikos susisiekimo ministerijos susisiekimo pl\u0117tros programos pa\u017eangos priemon\u0117s Nr. 10-001-06-01-01 \u201eSkatinti alternatyvi\u0173j\u0173 degal\u0173 naudojim\u0105 transporto sektoriuje\u201c veiklos \u201eMiesto ir priemiestinio vie\u0161ojo transporto priemoni\u0173 parko atnaujinimas, skatinant naudoti visai netar\u0161ias transporto priemones\u201c projekt\u0173 finansavimo s\u0105lyg\u0173 apra\u0161u [&hellip;]<\/p>\n","protected":false},"author":4,"featured_media":0,"parent":0,"menu_order":0,"comment_status":"closed","ping_status":"closed","template":"","meta":{"footnotes":""},"class_list":["post-11214","page","type-page","status-publish","hentry"],"_links":{"self":[{"href":"https:\/\/www.transrevis.lt\/en\/wp-json\/wp\/v2\/pages\/11214","targetHints":{"allow":["GET"]}}],"collection":[{"href":"https:\/\/www.transrevis.lt\/en\/wp-json\/wp\/v2\/pages"}],"about":[{"href":"https:\/\/www.transrevis.lt\/en\/wp-json\/wp\/v2\/types\/page"}],"author":[{"embeddable":true,"href":"https:\/\/www.transrevis.lt\/en\/wp-json\/wp\/v2\/users\/4"}],"replies":[{"embeddable":true,"href":"https:\/\/www.transrevis.lt\/en\/wp-json\/wp\/v2\/comments?post=11214"}],"version-history":[{"count":5,"href":"https:\/\/www.transrevis.lt\/en\/wp-json\/wp\/v2\/pages\/11214\/revisions"}],"predecessor-version":[{"id":11401,"href":"https:\/\/www.transrevis.lt\/en\/wp-json\/wp\/v2\/pages\/11214\/revisions\/11401"}],"wp:attachment":[{"href":"https:\/\/www.transrevis.lt\/en\/wp-json\/wp\/v2\/media?parent=11214"}],"curies":[{"name":"wp","href":"https:\/\/api.w.org\/{rel}","templated":true}]}}